{"id":5578,"date":"2022-04-11T11:39:24","date_gmt":"2022-04-11T05:39:24","guid":{"rendered":"http:\/\/gymat.test\/?page_id=5578"},"modified":"2025-02-12T12:07:58","modified_gmt":"2025-02-12T11:07:58","slug":"kursevi","status":"publish","type":"page","link":"https:\/\/akademija.konzulat.rs\/en\/kursevi\/","title":{"rendered":"Courses"},"content":{"rendered":"<div data-elementor-type=\"wp-page\" data-elementor-id=\"5578\" class=\"elementor elementor-5578\">\n\t\t\t\t\t\t<section class=\"elementor-section elementor-top-section elementor-element elementor-element-233815d elementor-section-boxed elementor-section-height-default elementor-section-height-default rt-parallax-bg-no\" data-id=\"233815d\" data-element_type=\"section\" data-e-type=\"section\">\n\t\t\t\t\t\t<div class=\"elementor-container elementor-column-gap-default\">\n\t\t\t\t\t<div class=\"elementor-column elementor-col-100 elementor-top-column elementor-element elementor-element-e49c8d3\" data-id=\"e49c8d3\" data-element_type=\"column\" data-e-type=\"column\">\n\t\t\t<div class=\"elementor-widget-wrap elementor-element-populated\">\n\t\t\t\t\t\t<div class=\"elementor-element elementor-element-a483b6f elementor-invisible elementor-widget elementor-widget-rt-class\" data-id=\"a483b6f\" data-element_type=\"widget\" data-e-type=\"widget\" data-widget_type=\"rt-class.default\">\n\t\t\t\t<div class=\"elementor-widget-container\">\n\t\t\t\t\t<div class=\"class-default class-multi-layout2 class-grid-style5\">\r\n    <div class=\"row\">\r\n                    <div class=\"col-lg-4 col-md-6 col-sm-6 col-12 col-12\">\r\n                <div class=\"class-item rt-animate wow fadeInUp\" data-wow-delay=\"0.2s\" data-wow-duration=\"0.8s\">\r\n                                        <div class=\"class-box-content\" data-bg-image=\"https:\/\/akademija.konzulat.rs\/wp-content\/uploads\/2025\/02\/9-570x456.jpg\">\r\n                        <div class=\"schedule-time\">\r\n                            <h3 class=\"class-title\"><a href=\"https:\/\/akademija.konzulat.rs\/en\/class\/obuka-trenera\/\">Online course for personal trainers<\/a><\/h3>\r\n                            <ul class=\"schedule-meta\">\r\n                                                                                                                                                    <li>\r\n                                            <span class=\"author\"><i class=\"flaticon-user\"><\/i>Milan Konzul<\/span>                                            <span class=\"day\"><i class=\"flaticon-clock-1\"><\/i>Tue:<\/span>\r\n                                            <span class=\"time\">6:00 pm<\/span>\r\n                                    <\/li>\r\n                                                                                                <\/ul>\r\n                            <p>online COURSE FOR PERSONAL TRAINERS Become a personal trainer<\/p>\r\n                                                            <div class=\"join-button\">\r\n                                    <a class=\"btn-style1\" href=\"https:\/\/akademija.konzulat.rs\/en\/class\/obuka-trenera\/\"><span>Join us                                    <svg width=\"21\" height=\"12\" viewbox=\"0 0 21 12\" fill=\"none\" xmlns=\"http:\/\/www.w3.org\/2000\/svg\">\r\n                                        <path fill-rule=\"evenodd\" clip-rule=\"evenodd\" d=\"M0 6C0 6.22729 0.087059 6.44527 0.242027 6.60598C0.396994 6.7667 0.607174 6.85699 0.82633 6.85699H18.1774L14.6292 10.5352C14.5523 10.6149 14.4914 10.7095 14.4498 10.8136C14.4082 10.9177 14.3868 11.0292 14.3868 11.1419C14.3868 11.2546 14.4082 11.3662 14.4498 11.4703C14.4914 11.5744 14.5523 11.669 14.6292 11.7487C14.706 11.8284 14.7972 11.8916 14.8976 11.9347C14.998 11.9778 15.1056 12 15.2142 12C15.3229 12 15.4304 11.9778 15.5308 11.9347C15.6312 11.8916 15.7224 11.8284 15.7992 11.7487L20.7572 6.60675C20.8342 6.52714 20.8952 6.43257 20.9369 6.32846C20.9786 6.22434 21 6.11272 21 6C21 5.88728 20.9786 5.77566 20.9369 5.67154C20.8952 5.56743 20.8342 5.47286 20.7572 5.39325L15.7992 0.251323C15.6441 0.0904038 15.4336 0 15.2142 0C14.9948 0 14.7843 0.0904038 14.6292 0.251323C14.474 0.412243 14.3868 0.630497 14.3868 0.858071C14.3868 1.08565 14.474 1.3039 14.6292 1.46482L18.1774 5.14301H0.82633C0.607174 5.14301 0.396994 5.2333 0.242027 5.39402C0.087059 5.55474 0 5.77271 0 6Z\" fill=\"white\"\/>\r\n                                    <\/svg>\r\n                                <\/span><\/a>\r\n                                <\/div>\r\n                                                    <\/div>\r\n                    <\/div>\r\n                <\/div>\r\n            <\/div>\r\n            \t\t   \r\n    <\/div>\r\n        <\/div>\r\n\r\n\r\n\r\n\r\n  \t\t\t\t<\/div>\n\t\t\t\t<\/div>\n\t\t\t\t\t<\/div>\n\t\t<\/div>\n\t\t\t\t\t<\/div>\n\t\t<\/section>\n\t\t\t\t<section class=\"elementor-section elementor-top-section elementor-element elementor-element-fabcb54 elementor-section-full_width elementor-section-stretched gallery-section elementor-section-height-default elementor-section-height-default rt-parallax-bg-no\" data-id=\"fabcb54\" data-element_type=\"section\" data-e-type=\"section\" data-settings=\"{&quot;stretch_section&quot;:&quot;section-stretched&quot;}\">\n\t\t\t\t\t\t<div class=\"elementor-container elementor-column-gap-default\">\n\t\t\t\t\t<div class=\"elementor-column elementor-col-100 elementor-top-column elementor-element elementor-element-db8fe85\" data-id=\"db8fe85\" data-element_type=\"column\" data-e-type=\"column\">\n\t\t\t<div class=\"elementor-widget-wrap elementor-element-populated\">\n\t\t\t\t\t\t<div class=\"elementor-element elementor-element-49f1c8d gallery-spacing-custom elementor-widget elementor-widget-image-gallery\" data-id=\"49f1c8d\" data-element_type=\"widget\" data-e-type=\"widget\" data-widget_type=\"image-gallery.default\">\n\t\t\t\t<div class=\"elementor-widget-container\">\n\t\t\t\t\t\t\t<div class=\"elementor-image-gallery\">\n\t\t\t<div id='gallery-1' class='gallery galleryid-5578 gallery-columns-8 gallery-size-medium'><figure class='gallery-item'>\n\t\t\t<div class='gallery-icon landscape'>\n\t\t\t\t<a data-elementor-open-lightbox=\"yes\" data-elementor-lightbox-slideshow=\"49f1c8d\" data-elementor-lightbox-title=\"blog-4\" data-e-action-hash=\"#elementor-action%3Aaction%3Dlightbox%26settings%3DeyJpZCI6MzIzNywidXJsIjoiaHR0cHM6XC9cL2FrYWRlbWlqYS5rb256dWxhdC5yc1wvd3AtY29udGVudFwvdXBsb2Fkc1wvMjAyMlwvMDNcL2Jsb2ctNC5qcGciLCJzbGlkZXNob3ciOiI0OWYxYzhkIn0%3D\" href='https:\/\/akademija.konzulat.rs\/wp-content\/uploads\/2022\/03\/blog-4.jpg'><img loading=\"lazy\" decoding=\"async\" width=\"300\" height=\"183\" src=\"https:\/\/akademija.konzulat.rs\/wp-content\/uploads\/2022\/03\/blog-4-300x183.jpg\" class=\"attachment-medium size-medium\" alt=\"\" srcset=\"https:\/\/akademija.konzulat.rs\/wp-content\/uploads\/2022\/03\/blog-4-300x183.jpg 300w, https:\/\/akademija.konzulat.rs\/wp-content\/uploads\/2022\/03\/blog-4-768x470.jpg 768w, https:\/\/akademija.konzulat.rs\/wp-content\/uploads\/2022\/03\/blog-4-1024x626.jpg 1024w, https:\/\/akademija.konzulat.rs\/wp-content\/uploads\/2022\/03\/blog-4-155x95.jpg 155w, https:\/\/akademija.konzulat.rs\/wp-content\/uploads\/2022\/03\/blog-4.jpg 1210w\" sizes=\"(max-width: 300px) 100vw, 300px\" \/><\/a>\n\t\t\t<\/div><\/figure><figure class='gallery-item'>\n\t\t\t<div class='gallery-icon landscape'>\n\t\t\t\t<a data-elementor-open-lightbox=\"yes\" data-elementor-lightbox-slideshow=\"49f1c8d\" data-elementor-lightbox-title=\"blog-7\" data-e-action-hash=\"#elementor-action%3Aaction%3Dlightbox%26settings%3DeyJpZCI6MzI0MSwidXJsIjoiaHR0cHM6XC9cL2FrYWRlbWlqYS5rb256dWxhdC5yc1wvd3AtY29udGVudFwvdXBsb2Fkc1wvMjAyMlwvMDNcL2Jsb2ctNy5qcGciLCJzbGlkZXNob3ciOiI0OWYxYzhkIn0%3D\" href='https:\/\/akademija.konzulat.rs\/wp-content\/uploads\/2022\/03\/blog-7.jpg'><img loading=\"lazy\" decoding=\"async\" width=\"300\" height=\"183\" src=\"https:\/\/akademija.konzulat.rs\/wp-content\/uploads\/2022\/03\/blog-7-300x183.jpg\" class=\"attachment-medium size-medium\" alt=\"\" srcset=\"https:\/\/akademija.konzulat.rs\/wp-content\/uploads\/2022\/03\/blog-7-300x183.jpg 300w, https:\/\/akademija.konzulat.rs\/wp-content\/uploads\/2022\/03\/blog-7-768x470.jpg 768w, https:\/\/akademija.konzulat.rs\/wp-content\/uploads\/2022\/03\/blog-7-1024x626.jpg 1024w, https:\/\/akademija.konzulat.rs\/wp-content\/uploads\/2022\/03\/blog-7-155x95.jpg 155w, https:\/\/akademija.konzulat.rs\/wp-content\/uploads\/2022\/03\/blog-7.jpg 1210w\" sizes=\"(max-width: 300px) 100vw, 300px\" \/><\/a>\n\t\t\t<\/div><\/figure><figure class='gallery-item'>\n\t\t\t<div class='gallery-icon landscape'>\n\t\t\t\t<a data-elementor-open-lightbox=\"yes\" data-elementor-lightbox-slideshow=\"49f1c8d\" data-elementor-lightbox-title=\"blog-9\" data-e-action-hash=\"#elementor-action%3Aaction%3Dlightbox%26settings%3DeyJpZCI6MzI1MiwidXJsIjoiaHR0cHM6XC9cL2FrYWRlbWlqYS5rb256dWxhdC5yc1wvd3AtY29udGVudFwvdXBsb2Fkc1wvMjAyMlwvMDNcL2Jsb2ctOS5qcGciLCJzbGlkZXNob3ciOiI0OWYxYzhkIn0%3D\" href='https:\/\/akademija.konzulat.rs\/wp-content\/uploads\/2022\/03\/blog-9.jpg'><img loading=\"lazy\" decoding=\"async\" width=\"300\" height=\"183\" src=\"https:\/\/akademija.konzulat.rs\/wp-content\/uploads\/2022\/03\/blog-9-300x183.jpg\" class=\"attachment-medium size-medium\" alt=\"\" srcset=\"https:\/\/akademija.konzulat.rs\/wp-content\/uploads\/2022\/03\/blog-9-300x183.jpg 300w, https:\/\/akademija.konzulat.rs\/wp-content\/uploads\/2022\/03\/blog-9-768x470.jpg 768w, https:\/\/akademija.konzulat.rs\/wp-content\/uploads\/2022\/03\/blog-9-1024x626.jpg 1024w, https:\/\/akademija.konzulat.rs\/wp-content\/uploads\/2022\/03\/blog-9-155x95.jpg 155w, https:\/\/akademija.konzulat.rs\/wp-content\/uploads\/2022\/03\/blog-9.jpg 1210w\" sizes=\"(max-width: 300px) 100vw, 300px\" \/><\/a>\n\t\t\t<\/div><\/figure><figure class='gallery-item'>\n\t\t\t<div class='gallery-icon landscape'>\n\t\t\t\t<a data-elementor-open-lightbox=\"yes\" data-elementor-lightbox-slideshow=\"49f1c8d\" data-elementor-lightbox-title=\"blog-6\" data-e-action-hash=\"#elementor-action%3Aaction%3Dlightbox%26settings%3DeyJpZCI6MzI2NywidXJsIjoiaHR0cHM6XC9cL2FrYWRlbWlqYS5rb256dWxhdC5yc1wvd3AtY29udGVudFwvdXBsb2Fkc1wvMjAyMlwvMDNcL2Jsb2ctNi5qcGciLCJzbGlkZXNob3ciOiI0OWYxYzhkIn0%3D\" href='https:\/\/akademija.konzulat.rs\/wp-content\/uploads\/2022\/03\/blog-6.jpg'><img loading=\"lazy\" decoding=\"async\" width=\"300\" height=\"183\" src=\"https:\/\/akademija.konzulat.rs\/wp-content\/uploads\/2022\/03\/blog-6-300x183.jpg\" class=\"attachment-medium size-medium\" alt=\"\" srcset=\"https:\/\/akademija.konzulat.rs\/wp-content\/uploads\/2022\/03\/blog-6-300x183.jpg 300w, https:\/\/akademija.konzulat.rs\/wp-content\/uploads\/2022\/03\/blog-6-768x470.jpg 768w, https:\/\/akademija.konzulat.rs\/wp-content\/uploads\/2022\/03\/blog-6-1024x626.jpg 1024w, https:\/\/akademija.konzulat.rs\/wp-content\/uploads\/2022\/03\/blog-6-155x95.jpg 155w, https:\/\/akademija.konzulat.rs\/wp-content\/uploads\/2022\/03\/blog-6.jpg 1210w\" sizes=\"(max-width: 300px) 100vw, 300px\" \/><\/a>\n\t\t\t<\/div><\/figure><figure class='gallery-item'>\n\t\t\t<div class='gallery-icon landscape'>\n\t\t\t\t<a data-elementor-open-lightbox=\"yes\" data-elementor-lightbox-slideshow=\"49f1c8d\" data-elementor-lightbox-title=\"blog15\" data-e-action-hash=\"#elementor-action%3Aaction%3Dlightbox%26settings%3DeyJpZCI6MzI4MCwidXJsIjoiaHR0cHM6XC9cL2FrYWRlbWlqYS5rb256dWxhdC5yc1wvd3AtY29udGVudFwvdXBsb2Fkc1wvMjAyMlwvMDNcL2Jsb2cxNS5qcGciLCJzbGlkZXNob3ciOiI0OWYxYzhkIn0%3D\" href='https:\/\/akademija.konzulat.rs\/wp-content\/uploads\/2022\/03\/blog15.jpg'><img loading=\"lazy\" decoding=\"async\" width=\"300\" height=\"183\" src=\"https:\/\/akademija.konzulat.rs\/wp-content\/uploads\/2022\/03\/blog15-300x183.jpg\" class=\"attachment-medium size-medium\" alt=\"\" srcset=\"https:\/\/akademija.konzulat.rs\/wp-content\/uploads\/2022\/03\/blog15-300x183.jpg 300w, https:\/\/akademija.konzulat.rs\/wp-content\/uploads\/2022\/03\/blog15-768x470.jpg 768w, https:\/\/akademija.konzulat.rs\/wp-content\/uploads\/2022\/03\/blog15-1024x626.jpg 1024w, https:\/\/akademija.konzulat.rs\/wp-content\/uploads\/2022\/03\/blog15-155x95.jpg 155w, https:\/\/akademija.konzulat.rs\/wp-content\/uploads\/2022\/03\/blog15.jpg 1210w\" sizes=\"(max-width: 300px) 100vw, 300px\" \/><\/a>\n\t\t\t<\/div><\/figure>\n\t\t<\/div>\n\t\t<\/div>\n\t\t\t\t\t\t<\/div>\n\t\t\t\t<\/div>\n\t\t\t\t\t<\/div>\n\t\t<\/div>\n\t\t\t\t\t<\/div>\n\t\t<\/section>\n\t\t\t\t<\/div>","protected":false},"excerpt":{"rendered":"<p>Cycling Dorian Yates Wed: 9:00 am The Best Body Fitness in Town Authoritatively disseminate Join Now Meditation Flex Wheeler Fri: 1:00 pm The Best Body Fitness in Town Authoritatively disseminate Join Now Martial Arts Dorian Yates Sun: 6:00 pm The Best Body Fitness in Town Authoritatively disseminate Join Now Karate Janelle Cam Fri: 10:00 am [&hellip;]<\/p>\n","protected":false},"author":1,"featured_media":0,"parent":0,"menu_order":0,"comment_status":"closed","ping_status":"closed","template":"elementor_header_footer","meta":{"footnotes":""},"class_list":["post-5578","page","type-page","status-publish","hentry"],"yoast_head":"<!-- This site is optimized with the Yoast SEO plugin v27.0 - https:\/\/yoast.com\/product\/yoast-seo-wordpress\/ -->\n<title>Kurs za trenera \u2013 Postani profesionalni li\u010dni trener ve\u0107 danas!<\/title>\n<meta name=\"description\" content=\"Upi\u0161i kurs za trenera i stekni sertifikat za uspe\u0161nu karijeru u fitness industriji. U\u010di online ili u\u017eivo od iskusnih stru\u010dnjaka.\" \/>\n<meta name=\"robots\" content=\"index, follow, max-snippet:-1, max-image-preview:large, max-video-preview:-1\" \/>\n<link rel=\"canonical\" href=\"https:\/\/akademija.konzulat.rs\/en\/kursevi\/\" \/>\n<meta property=\"og:locale\" content=\"en_US\" \/>\n<meta property=\"og:type\" content=\"article\" \/>\n<meta property=\"og:title\" content=\"Kurs za trenera \u2013 Postani profesionalni li\u010dni trener ve\u0107 danas!\" \/>\n<meta property=\"og:description\" content=\"Upi\u0161i kurs za trenera i stekni sertifikat za uspe\u0161nu karijeru u fitness industriji. U\u010di online ili u\u017eivo od iskusnih stru\u010dnjaka.\" \/>\n<meta property=\"og:url\" content=\"https:\/\/akademija.konzulat.rs\/en\/kursevi\/\" \/>\n<meta property=\"og:site_name\" content=\"Akademija Konzulat\" \/>\n<meta property=\"article:modified_time\" content=\"2025-02-12T11:07:58+00:00\" \/>\n<meta property=\"og:image\" content=\"https:\/\/akademija.konzulat.rs\/wp-content\/uploads\/2022\/03\/blog-4-300x183.jpg\" \/>\n<meta name=\"twitter:card\" content=\"summary_large_image\" \/>\n<meta name=\"twitter:label1\" content=\"Est. reading time\" \/>\n\t<meta name=\"twitter:data1\" content=\"3 minutes\" \/>\n<script type=\"application\/ld+json\" class=\"yoast-schema-graph\">{\"@context\":\"https:\/\/schema.org\",\"@graph\":[{\"@type\":\"WebPage\",\"@id\":\"https:\/\/akademija.konzulat.rs\/kursevi\/\",\"url\":\"https:\/\/akademija.konzulat.rs\/kursevi\/\",\"name\":\"Kurs za trenera \u2013 Postani profesionalni li\u010dni trener ve\u0107 danas!\",\"isPartOf\":{\"@id\":\"https:\/\/akademija.konzulat.rs\/#website\"},\"primaryImageOfPage\":{\"@id\":\"https:\/\/akademija.konzulat.rs\/kursevi\/#primaryimage\"},\"image\":{\"@id\":\"https:\/\/akademija.konzulat.rs\/kursevi\/#primaryimage\"},\"thumbnailUrl\":\"https:\/\/akademija.konzulat.rs\/wp-content\/uploads\/2022\/03\/blog-4-300x183.jpg\",\"datePublished\":\"2022-04-11T05:39:24+00:00\",\"dateModified\":\"2025-02-12T11:07:58+00:00\",\"description\":\"Upi\u0161i kurs za trenera i stekni sertifikat za uspe\u0161nu karijeru u fitness industriji. U\u010di online ili u\u017eivo od iskusnih stru\u010dnjaka.\",\"breadcrumb\":{\"@id\":\"https:\/\/akademija.konzulat.rs\/kursevi\/#breadcrumb\"},\"inLanguage\":\"en-US\",\"potentialAction\":[{\"@type\":\"ReadAction\",\"target\":[\"https:\/\/akademija.konzulat.rs\/kursevi\/\"]}]},{\"@type\":\"ImageObject\",\"inLanguage\":\"en-US\",\"@id\":\"https:\/\/akademija.konzulat.rs\/kursevi\/#primaryimage\",\"url\":\"https:\/\/akademija.konzulat.rs\/wp-content\/uploads\/2022\/03\/blog-4-300x183.jpg\",\"contentUrl\":\"https:\/\/akademija.konzulat.rs\/wp-content\/uploads\/2022\/03\/blog-4-300x183.jpg\"},{\"@type\":\"BreadcrumbList\",\"@id\":\"https:\/\/akademija.konzulat.rs\/kursevi\/#breadcrumb\",\"itemListElement\":[{\"@type\":\"ListItem\",\"position\":1,\"name\":\"\u041f\u043e\u0447\u0435\u0442\u043d\u0430\",\"item\":\"https:\/\/akademija.konzulat.rs\/\"},{\"@type\":\"ListItem\",\"position\":2,\"name\":\"Kursevi\"}]},{\"@type\":\"WebSite\",\"@id\":\"https:\/\/akademija.konzulat.rs\/#website\",\"url\":\"https:\/\/akademija.konzulat.rs\/\",\"name\":\"Akademija Konzulat\",\"description\":\"Znanje koje pravi razliku!\",\"potentialAction\":[{\"@type\":\"SearchAction\",\"target\":{\"@type\":\"EntryPoint\",\"urlTemplate\":\"https:\/\/akademija.konzulat.rs\/?s={search_term_string}\"},\"query-input\":{\"@type\":\"PropertyValueSpecification\",\"valueRequired\":true,\"valueName\":\"search_term_string\"}}],\"inLanguage\":\"en-US\"}]}<\/script>\n<!-- \/ Yoast SEO plugin. -->","yoast_head_json":{"title":"Kurs za trenera \u2013 Postani profesionalni li\u010dni trener ve\u0107 danas!","description":"Upi\u0161i kurs za trenera i stekni sertifikat za uspe\u0161nu karijeru u fitness industriji. U\u010di online ili u\u017eivo od iskusnih stru\u010dnjaka.","robots":{"index":"index","follow":"follow","max-snippet":"max-snippet:-1","max-image-preview":"max-image-preview:large","max-video-preview":"max-video-preview:-1"},"canonical":"https:\/\/akademija.konzulat.rs\/en\/kursevi\/","og_locale":"en_US","og_type":"article","og_title":"Kurs za trenera \u2013 Postani profesionalni li\u010dni trener ve\u0107 danas!","og_description":"Upi\u0161i kurs za trenera i stekni sertifikat za uspe\u0161nu karijeru u fitness industriji. U\u010di online ili u\u017eivo od iskusnih stru\u010dnjaka.","og_url":"https:\/\/akademija.konzulat.rs\/en\/kursevi\/","og_site_name":"Akademija Konzulat","article_modified_time":"2025-02-12T11:07:58+00:00","og_image":[{"url":"https:\/\/akademija.konzulat.rs\/wp-content\/uploads\/2022\/03\/blog-4-300x183.jpg","type":"","width":"","height":""}],"twitter_card":"summary_large_image","twitter_misc":{"Est. reading time":"3 minutes"},"schema":{"@context":"https:\/\/schema.org","@graph":[{"@type":"WebPage","@id":"https:\/\/akademija.konzulat.rs\/kursevi\/","url":"https:\/\/akademija.konzulat.rs\/kursevi\/","name":"Kurs za trenera \u2013 Postani profesionalni li\u010dni trener ve\u0107 danas!","isPartOf":{"@id":"https:\/\/akademija.konzulat.rs\/#website"},"primaryImageOfPage":{"@id":"https:\/\/akademija.konzulat.rs\/kursevi\/#primaryimage"},"image":{"@id":"https:\/\/akademija.konzulat.rs\/kursevi\/#primaryimage"},"thumbnailUrl":"https:\/\/akademija.konzulat.rs\/wp-content\/uploads\/2022\/03\/blog-4-300x183.jpg","datePublished":"2022-04-11T05:39:24+00:00","dateModified":"2025-02-12T11:07:58+00:00","description":"Upi\u0161i kurs za trenera i stekni sertifikat za uspe\u0161nu karijeru u fitness industriji. U\u010di online ili u\u017eivo od iskusnih stru\u010dnjaka.","breadcrumb":{"@id":"https:\/\/akademija.konzulat.rs\/kursevi\/#breadcrumb"},"inLanguage":"en-US","potentialAction":[{"@type":"ReadAction","target":["https:\/\/akademija.konzulat.rs\/kursevi\/"]}]},{"@type":"ImageObject","inLanguage":"en-US","@id":"https:\/\/akademija.konzulat.rs\/kursevi\/#primaryimage","url":"https:\/\/akademija.konzulat.rs\/wp-content\/uploads\/2022\/03\/blog-4-300x183.jpg","contentUrl":"https:\/\/akademija.konzulat.rs\/wp-content\/uploads\/2022\/03\/blog-4-300x183.jpg"},{"@type":"BreadcrumbList","@id":"https:\/\/akademija.konzulat.rs\/kursevi\/#breadcrumb","itemListElement":[{"@type":"ListItem","position":1,"name":"\u041f\u043e\u0447\u0435\u0442\u043d\u0430","item":"https:\/\/akademija.konzulat.rs\/"},{"@type":"ListItem","position":2,"name":"Kursevi"}]},{"@type":"WebSite","@id":"https:\/\/akademija.konzulat.rs\/#website","url":"https:\/\/akademija.konzulat.rs\/","name":"Konzulat Academy","description":"Znanje koje pravi razliku!","potentialAction":[{"@type":"SearchAction","target":{"@type":"EntryPoint","urlTemplate":"https:\/\/akademija.konzulat.rs\/?s={search_term_string}"},"query-input":{"@type":"PropertyValueSpecification","valueRequired":true,"valueName":"search_term_string"}}],"inLanguage":"en-US"}]}},"_links":{"self":[{"href":"https:\/\/akademija.konzulat.rs\/en\/wp-json\/wp\/v2\/pages\/5578","targetHints":{"allow":["GET"]}}],"collection":[{"href":"https:\/\/akademija.konzulat.rs\/en\/wp-json\/wp\/v2\/pages"}],"about":[{"href":"https:\/\/akademija.konzulat.rs\/en\/wp-json\/wp\/v2\/types\/page"}],"author":[{"embeddable":true,"href":"https:\/\/akademija.konzulat.rs\/en\/wp-json\/wp\/v2\/users\/1"}],"replies":[{"embeddable":true,"href":"https:\/\/akademija.konzulat.rs\/en\/wp-json\/wp\/v2\/comments?post=5578"}],"version-history":[{"count":2,"href":"https:\/\/akademija.konzulat.rs\/en\/wp-json\/wp\/v2\/pages\/5578\/revisions"}],"predecessor-version":[{"id":7375,"href":"https:\/\/akademija.konzulat.rs\/en\/wp-json\/wp\/v2\/pages\/5578\/revisions\/7375"}],"wp:attachment":[{"href":"https:\/\/akademija.konzulat.rs\/en\/wp-json\/wp\/v2\/media?parent=5578"}],"curies":[{"name":"wp","href":"https:\/\/api.w.org\/{rel}","templated":true}]}}